{"id":2153,"date":"2020-01-25T22:15:39","date_gmt":"2020-01-25T21:15:39","guid":{"rendered":"http:\/\/mc-campfyn.dk\/?page_id=2153"},"modified":"2026-03-08T11:51:12","modified_gmt":"2026-03-08T10:51:12","slug":"kommende-argrangmener","status":"publish","type":"page","link":"https:\/\/mc-campfyn.dk\/?page_id=2153","title":{"rendered":"\u00c5bning af Egeskov Slot"},"content":{"rendered":"<p style=\"text-align: left;\" align=\"center\"><span style=\"color: #000000;\"><span style=\"font-size: x-large; font-family: 'times new roman', times, serif;\">\u00c5bning af <\/span><span style=\"font-size: x-large; font-family: 'times new roman', times, serif;\">Egeskov Slot.<\/span><\/span><\/p>\n<p style=\"text-align: left;\"><span style=\"color: #000000;\">I \u00e5r holder Egeskov Slot \u00e5bent med gratis indgang for alle, der ankommer p\u00e5 motorcykel, l\u00f8rdag den <strong>25. april 2026<\/strong>.<\/span><\/p>\n<p style=\"text-align: left;\"><span style=\"color: #000000;\">Som altid markerer vi dagen med vores traditionelle arrangement: <strong>&#8220;\u00c5bning af Egeskov Slot&#8221;<\/strong>.<\/span><\/p>\n<p style=\"text-align: left;\"><span style=\"color: #000000;\">Vi gentager succesen fra tidligere \u00e5r, hvor Kim arrangerer en f\u00e6lles k\u00f8retur. Turen starter fra pladsen kl. <strong>9.45<\/strong>, her fra Rudmevej 3a 5750 Ringe. og alle er velkomne til at deltage \u2013 uanset om du bor her eller blot kommer for at k\u00f8re med. Har du lyst til at v\u00e6re med, s\u00e5 m\u00f8d op p\u00e5 pladsen i god tid. Der vil v\u00e6re mulighed for at f\u00e5 en kop kaffe inden afgang.<\/span><\/p>\n<p style=\"text-align: left;\"><span style=\"color: #000000;\">Hvis du \u00f8nsker at komme dagen f\u00f8r eller blive til dagen efter, kan du bestille en seng p\u00e5 forh\u00e5nd. Vi arrangerer ogs\u00e5 f\u00e6llesspisning b\u00e5de fredag og l\u00f8rdag aften. Madbestilling skal ske inden p\u00e5 telefon <strong>25122028<\/strong> eller <strong>2553678<\/strong>.<\/span><\/p>\n<p style=\"text-align: left;\"><span style=\"color: #000000;\">Vi gl\u00e6der os til at se jer alle sammen igen \u2013 enten til denne s\u00e6rlige dag eller en anden dag i l\u00f8bet af \u00e5ret.<\/span><\/p>\n<p style=\"text-align: left;\"><span style=\"color: #000000;\">De bedste hilsner<\/span><br \/>\n<span style=\"color: #000000;\"><strong>Tina og Kim<\/strong><\/span><\/p>\n<p style=\"text-align: left;\" align=\"center\"><span style=\"font-size: 12pt; color: #000000;\">\u00a0<\/span><\/p>\n<p style=\"text-align: left;\" align=\"center\">\n","protected":false},"excerpt":{"rendered":"<p>\u00c5bning af Egeskov Slot. I \u00e5r holder Egeskov Slot \u00e5bent med gratis indgang for alle, der ankommer p\u00e5 motorcykel, l\u00f8rdag den 25. april 2026. Som altid markerer vi dagen med vores traditionelle arrangement: &#8220;\u00c5bning af Egeskov Slot&#8221;. Vi gentager succesen fra tidligere \u00e5r, hvor Kim arrangerer en f\u00e6lles k\u00f8retur. Turen starter fra pladsen kl. 9.45,&hellip; <br \/> <a class=\"read-more\" href=\"https:\/\/mc-campfyn.dk\/?page_id=2153\">L\u00e6s mere<\/a><\/p>\n","protected":false},"author":1,"featured_media":0,"parent":0,"menu_order":0,"comment_status":"closed","ping_status":"closed","template":"","meta":{"footnotes":""},"yoast_head":"<!-- This site is optimized with the Yoast SEO plugin v24.5 - https:\/\/yoast.com\/wordpress\/plugins\/seo\/ -->\n<title>\u00c5bning af Egeskov Slot -<\/title>\n<meta name=\"robots\" content=\"index, follow, max-snippet:-1, max-image-preview:large, max-video-preview:-1\" \/>\n<link rel=\"canonical\" href=\"https:\/\/mc-campfyn.dk\/?page_id=2153\" \/>\n<meta property=\"og:locale\" content=\"da_DK\" \/>\n<meta property=\"og:type\" content=\"article\" \/>\n<meta property=\"og:title\" content=\"\u00c5bning af Egeskov Slot -\" \/>\n<meta property=\"og:description\" content=\"\u00c5bning af Egeskov Slot. I \u00e5r holder Egeskov Slot \u00e5bent med gratis indgang for alle, der ankommer p\u00e5 motorcykel, l\u00f8rdag den 25. april 2026. Som altid markerer vi dagen med vores traditionelle arrangement: &#8220;\u00c5bning af Egeskov Slot&#8221;. Vi gentager succesen fra tidligere \u00e5r, hvor Kim arrangerer en f\u00e6lles k\u00f8retur. Turen starter fra pladsen kl. 9.45,&hellip; L\u00e6s mere\" \/>\n<meta property=\"og:url\" content=\"https:\/\/mc-campfyn.dk\/?page_id=2153\" \/>\n<meta property=\"article:modified_time\" content=\"2026-03-08T10:51:12+00:00\" \/>\n<meta name=\"twitter:card\" content=\"summary_large_image\" \/>\n<meta name=\"twitter:label1\" content=\"Estimeret l\u00e6setid\" \/>\n\t<meta name=\"twitter:data1\" content=\"1 minut\" \/>\n<script type=\"application\/ld+json\" class=\"yoast-schema-graph\">{\"@context\":\"https:\/\/schema.org\",\"@graph\":[{\"@type\":\"WebPage\",\"@id\":\"https:\/\/mc-campfyn.dk\/?page_id=2153\",\"url\":\"https:\/\/mc-campfyn.dk\/?page_id=2153\",\"name\":\"\u00c5bning af Egeskov Slot -\",\"isPartOf\":{\"@id\":\"https:\/\/mc-campfyn.dk\/#website\"},\"datePublished\":\"2020-01-25T21:15:39+00:00\",\"dateModified\":\"2026-03-08T10:51:12+00:00\",\"breadcrumb\":{\"@id\":\"https:\/\/mc-campfyn.dk\/?page_id=2153#breadcrumb\"},\"inLanguage\":\"da-DK\",\"potentialAction\":[{\"@type\":\"ReadAction\",\"target\":[\"https:\/\/mc-campfyn.dk\/?page_id=2153\"]}]},{\"@type\":\"BreadcrumbList\",\"@id\":\"https:\/\/mc-campfyn.dk\/?page_id=2153#breadcrumb\",\"itemListElement\":[{\"@type\":\"ListItem\",\"position\":1,\"name\":\"Hjem\",\"item\":\"https:\/\/mc-campfyn.dk\/\"},{\"@type\":\"ListItem\",\"position\":2,\"name\":\"\u00c5bning af Egeskov Slot\"}]},{\"@type\":\"WebSite\",\"@id\":\"https:\/\/mc-campfyn.dk\/#website\",\"url\":\"https:\/\/mc-campfyn.dk\/\",\"name\":\"mc-campfyn\",\"description\":\"\",\"publisher\":{\"@id\":\"https:\/\/mc-campfyn.dk\/#organization\"},\"potentialAction\":[{\"@type\":\"SearchAction\",\"target\":{\"@type\":\"EntryPoint\",\"urlTemplate\":\"https:\/\/mc-campfyn.dk\/?s={search_term_string}\"},\"query-input\":{\"@type\":\"PropertyValueSpecification\",\"valueRequired\":true,\"valueName\":\"search_term_string\"}}],\"inLanguage\":\"da-DK\"},{\"@type\":\"Organization\",\"@id\":\"https:\/\/mc-campfyn.dk\/#organization\",\"name\":\"mc-campfyn\",\"url\":\"https:\/\/mc-campfyn.dk\/\",\"logo\":{\"@type\":\"ImageObject\",\"inLanguage\":\"da-DK\",\"@id\":\"https:\/\/mc-campfyn.dk\/#\/schema\/logo\/image\/\",\"url\":\"https:\/\/mc-campfyn.dk\/wp-content\/uploads\/2019\/11\/logo-1.jpg\",\"contentUrl\":\"https:\/\/mc-campfyn.dk\/wp-content\/uploads\/2019\/11\/logo-1.jpg\",\"width\":380,\"height\":373,\"caption\":\"mc-campfyn\"},\"image\":{\"@id\":\"https:\/\/mc-campfyn.dk\/#\/schema\/logo\/image\/\"}}]}<\/script>\n<!-- \/ Yoast SEO plugin. -->","yoast_head_json":{"title":"\u00c5bning af Egeskov Slot -","robots":{"index":"index","follow":"follow","max-snippet":"max-snippet:-1","max-image-preview":"max-image-preview:large","max-video-preview":"max-video-preview:-1"},"canonical":"https:\/\/mc-campfyn.dk\/?page_id=2153","og_locale":"da_DK","og_type":"article","og_title":"\u00c5bning af Egeskov Slot -","og_description":"\u00c5bning af Egeskov Slot. I \u00e5r holder Egeskov Slot \u00e5bent med gratis indgang for alle, der ankommer p\u00e5 motorcykel, l\u00f8rdag den 25. april 2026. Som altid markerer vi dagen med vores traditionelle arrangement: &#8220;\u00c5bning af Egeskov Slot&#8221;. Vi gentager succesen fra tidligere \u00e5r, hvor Kim arrangerer en f\u00e6lles k\u00f8retur. Turen starter fra pladsen kl. 9.45,&hellip; L\u00e6s mere","og_url":"https:\/\/mc-campfyn.dk\/?page_id=2153","article_modified_time":"2026-03-08T10:51:12+00:00","twitter_card":"summary_large_image","twitter_misc":{"Estimeret l\u00e6setid":"1 minut"},"schema":{"@context":"https:\/\/schema.org","@graph":[{"@type":"WebPage","@id":"https:\/\/mc-campfyn.dk\/?page_id=2153","url":"https:\/\/mc-campfyn.dk\/?page_id=2153","name":"\u00c5bning af Egeskov Slot -","isPartOf":{"@id":"https:\/\/mc-campfyn.dk\/#website"},"datePublished":"2020-01-25T21:15:39+00:00","dateModified":"2026-03-08T10:51:12+00:00","breadcrumb":{"@id":"https:\/\/mc-campfyn.dk\/?page_id=2153#breadcrumb"},"inLanguage":"da-DK","potentialAction":[{"@type":"ReadAction","target":["https:\/\/mc-campfyn.dk\/?page_id=2153"]}]},{"@type":"BreadcrumbList","@id":"https:\/\/mc-campfyn.dk\/?page_id=2153#breadcrumb","itemListElement":[{"@type":"ListItem","position":1,"name":"Hjem","item":"https:\/\/mc-campfyn.dk\/"},{"@type":"ListItem","position":2,"name":"\u00c5bning af Egeskov Slot"}]},{"@type":"WebSite","@id":"https:\/\/mc-campfyn.dk\/#website","url":"https:\/\/mc-campfyn.dk\/","name":"mc-campfyn","description":"","publisher":{"@id":"https:\/\/mc-campfyn.dk\/#organization"},"potentialAction":[{"@type":"SearchAction","target":{"@type":"EntryPoint","urlTemplate":"https:\/\/mc-campfyn.dk\/?s={search_term_string}"},"query-input":{"@type":"PropertyValueSpecification","valueRequired":true,"valueName":"search_term_string"}}],"inLanguage":"da-DK"},{"@type":"Organization","@id":"https:\/\/mc-campfyn.dk\/#organization","name":"mc-campfyn","url":"https:\/\/mc-campfyn.dk\/","logo":{"@type":"ImageObject","inLanguage":"da-DK","@id":"https:\/\/mc-campfyn.dk\/#\/schema\/logo\/image\/","url":"https:\/\/mc-campfyn.dk\/wp-content\/uploads\/2019\/11\/logo-1.jpg","contentUrl":"https:\/\/mc-campfyn.dk\/wp-content\/uploads\/2019\/11\/logo-1.jpg","width":380,"height":373,"caption":"mc-campfyn"},"image":{"@id":"https:\/\/mc-campfyn.dk\/#\/schema\/logo\/image\/"}}]}},"_links":{"self":[{"href":"https:\/\/mc-campfyn.dk\/index.php?rest_route=\/wp\/v2\/pages\/2153"}],"collection":[{"href":"https:\/\/mc-campfyn.dk\/index.php?rest_route=\/wp\/v2\/pages"}],"about":[{"href":"https:\/\/mc-campfyn.dk\/index.php?rest_route=\/wp\/v2\/types\/page"}],"author":[{"embeddable":true,"href":"https:\/\/mc-campfyn.dk\/index.php?rest_route=\/wp\/v2\/users\/1"}],"replies":[{"embeddable":true,"href":"https:\/\/mc-campfyn.dk\/index.php?rest_route=%2Fwp%2Fv2%2Fcomments&post=2153"}],"version-history":[{"count":33,"href":"https:\/\/mc-campfyn.dk\/index.php?rest_route=\/wp\/v2\/pages\/2153\/revisions"}],"predecessor-version":[{"id":2627,"href":"https:\/\/mc-campfyn.dk\/index.php?rest_route=\/wp\/v2\/pages\/2153\/revisions\/2627"}],"wp:attachment":[{"href":"https:\/\/mc-campfyn.dk\/index.php?rest_route=%2Fwp%2Fv2%2Fmedia&parent=2153"}],"curies":[{"name":"wp","href":"https:\/\/api.w.org\/{rel}","templated":true}]}}