{"id":2301,"date":"2021-06-24T22:08:13","date_gmt":"2021-06-24T20:08:13","guid":{"rendered":"http:\/\/mc-campfyn.dk\/?page_id=2301"},"modified":"2026-03-03T15:01:46","modified_gmt":"2026-03-03T14:01:46","slug":"japan-classic-day","status":"publish","type":"page","link":"https:\/\/mc-campfyn.dk\/?page_id=2301","title":{"rendered":"Japan Klassik MC Tr\u00e6f"},"content":{"rendered":"<h3><span style=\"color: #000000;\"><strong>Japan Klassik MC Tr\u00e6f 2025<\/strong><\/span><\/h3>\n<p><span style=\"color: #000000;\">\ud83d\udcc5 <strong>L\u00f8rdag den 1 august 2026<\/strong><\/span><br \/>\n<span style=\"color: #000000;\">\u23f0 <strong>Kl. 10:00 &#8211; 17:00<\/strong><\/span><br \/>\n<span style=\"color: #000000;\">\ud83d\udccd <strong>MC-Campfyn<\/strong><\/span><\/p>\n<p><span style=\"color: #000000;\">I 2021 afholdt vi for f\u00f8rste gang Japan Klassik MC Tr\u00e6f, og det blev en stor succes.<\/span><br \/>\n<span style=\"color: #000000;\">\u00c5ret efter gentog vi arrangementet med endnu flere deltagere.<\/span><br \/>\n<span style=\"color: #000000;\">Nu er det blevet en tradition, og vi gl\u00e6der os til at byde jer velkommen igen i 2026 !<\/span><\/p>\n<hr \/>\n<h3><span style=\"color: #000000;\"><strong>Form\u00e5let med tr\u00e6ffet<\/strong><\/span><\/h3>\n<p><span style=\"color: #000000;\">Vores m\u00e5l er at samle japanske motorcykler fra f\u00f8r 1985 \u2013 b\u00e5de dem, der stadig k\u00f8rer til dagligt, og dem, der st\u00e5r som skatte i garagerne.<\/span><br \/>\n<span style=\"color: #000000;\">Dette er dagen, hvor du kan vise din klassiske motorcykel frem og m\u00f8de andre entusiaster, eller bare komme og se hvad andre har med.<\/span><\/p>\n<hr \/>\n<h3><span style=\"color: #000000;\"><strong>Program for dagen<\/strong><\/span><\/h3>\n<ul>\n<li><span style=\"color: #000000;\"><strong>Indskrivning:<\/strong> Kl. 09:00 &#8211; 12:00<\/span><\/li>\n<li><span style=\"color: #000000;\"><strong>Bed\u00f8mmelse og pr\u00e6mieoverr\u00e6kkelse:<\/strong> Tidspunkt annonceres senere.<\/span><\/li>\n<\/ul>\n<p><span style=\"color: #000000;\">Vi arbejder stadig p\u00e5 dagens program, men tidligere har vi haft sp\u00e6ndende opl\u00e6g \u2013 som Jens Jessens inspirerende fort\u00e6lling om japanske motorcykler. Hold \u00f8je med opdateringer !<\/span><\/p>\n<hr \/>\n<h3><span style=\"color: #000000;\"><strong>Tilmelding<\/strong><\/span><\/h3>\n<p><span style=\"color: #000000;\">Vil du deltage i konkurrencen? S\u00e5 kr\u00e6ver det tilmelding\u00a0 enten p\u00e5 mail\u00a0 bb@mc-campfyn.dk eller tlf. 25120228 eller 25536783<\/span><\/p>\n<p><span style=\"color: #000000;\">Er du ikke tilmeldt, kan det lade sig g\u00f8re p\u00e5 dagen, men du er stadig velkommen til at komme og nyde stemningen, beundre motorcyklerne og f\u00e5 en hyggelig dag, uden at v\u00e6re med i konkurrencen.<\/span><\/p>\n<hr \/>\n<h3><span style=\"color: #000000;\"><strong>Overnatningsmuligheder<\/strong><\/span><\/h3>\n<p><span style=\"color: #000000;\">G\u00f8r tr\u00e6ffet til en weekendoplevelse med overnatning!<\/span><\/p>\n<ul>\n<li><span style=\"color: #000000;\">Overnatning kan bestilles p\u00e5 telefon: <strong>25120228<\/strong> \/ <strong>25536783<\/strong><\/span><\/li>\n<li><span style=\"color: #000000;\">Eller via e-mail: <strong><a style=\"color: #000000;\" rel=\"noopener\">bb@mc-campfyn.dk<\/a><\/strong><\/span><\/li>\n<\/ul>\n<hr \/>\n<h3><span style=\"color: #000000;\"><strong>Kom og v\u00e6r med!<\/strong><\/span><\/h3>\n<p><span style=\"color: #000000;\">Hj\u00e6lp os med at skabe en hyggelig og inspirerende dag fyldt med smukke motorcykler, gode historier og masser af MC-snak.<\/span><\/p>\n<p><span style=\"color: #000000;\">Vi gl\u00e6der os til at se jer!<\/span><\/p>\n<p><span style=\"color: #000000;\"><strong>Venlig hilsen<\/strong><\/span><br \/>\n<span style=\"color: #000000;\"><em>Tina og <\/em>\u00a0Kim<\/span><\/p>\n<p>&nbsp;<\/p>\n<p><span style=\"color: #000000;\"><span style=\"font-size: 12pt;\">\u00a0<\/span><\/span><\/p>\n<p style=\"text-align: center;\">\n","protected":false},"excerpt":{"rendered":"<p>Japan Klassik MC Tr\u00e6f 2025 \ud83d\udcc5 L\u00f8rdag den 1 august 2026 \u23f0 Kl. 10:00 &#8211; 17:00 \ud83d\udccd MC-Campfyn I 2021 afholdt vi for f\u00f8rste gang Japan Klassik MC Tr\u00e6f, og det blev en stor succes. \u00c5ret efter gentog vi arrangementet med endnu flere deltagere. Nu er det blevet en tradition, og vi gl\u00e6der os til&hellip; <br \/> <a class=\"read-more\" href=\"https:\/\/mc-campfyn.dk\/?page_id=2301\">L\u00e6s mere<\/a><\/p>\n","protected":false},"author":1,"featured_media":0,"parent":0,"menu_order":0,"comment_status":"closed","ping_status":"closed","template":"","meta":{"footnotes":""},"yoast_head":"<!-- This site is optimized with the Yoast SEO plugin v24.5 - https:\/\/yoast.com\/wordpress\/plugins\/seo\/ -->\n<title>Japan Klassik MC Tr\u00e6f -<\/title>\n<meta name=\"robots\" content=\"index, follow, max-snippet:-1, max-image-preview:large, max-video-preview:-1\" \/>\n<link rel=\"canonical\" href=\"https:\/\/mc-campfyn.dk\/?page_id=2301\" \/>\n<meta property=\"og:locale\" content=\"da_DK\" \/>\n<meta property=\"og:type\" content=\"article\" \/>\n<meta property=\"og:title\" content=\"Japan Klassik MC Tr\u00e6f -\" \/>\n<meta property=\"og:description\" content=\"Japan Klassik MC Tr\u00e6f 2025 \ud83d\udcc5 L\u00f8rdag den 1 august 2026 \u23f0 Kl. 10:00 &#8211; 17:00 \ud83d\udccd MC-Campfyn I 2021 afholdt vi for f\u00f8rste gang Japan Klassik MC Tr\u00e6f, og det blev en stor succes. \u00c5ret efter gentog vi arrangementet med endnu flere deltagere. Nu er det blevet en tradition, og vi gl\u00e6der os til&hellip; L\u00e6s mere\" \/>\n<meta property=\"og:url\" content=\"https:\/\/mc-campfyn.dk\/?page_id=2301\" \/>\n<meta property=\"article:modified_time\" content=\"2026-03-03T14:01:46+00:00\" \/>\n<meta name=\"twitter:card\" content=\"summary_large_image\" \/>\n<meta name=\"twitter:label1\" content=\"Estimeret l\u00e6setid\" \/>\n\t<meta name=\"twitter:data1\" content=\"2 minutter\" \/>\n<script type=\"application\/ld+json\" class=\"yoast-schema-graph\">{\"@context\":\"https:\/\/schema.org\",\"@graph\":[{\"@type\":\"WebPage\",\"@id\":\"https:\/\/mc-campfyn.dk\/?page_id=2301\",\"url\":\"https:\/\/mc-campfyn.dk\/?page_id=2301\",\"name\":\"Japan Klassik MC Tr\u00e6f -\",\"isPartOf\":{\"@id\":\"https:\/\/mc-campfyn.dk\/#website\"},\"datePublished\":\"2021-06-24T20:08:13+00:00\",\"dateModified\":\"2026-03-03T14:01:46+00:00\",\"breadcrumb\":{\"@id\":\"https:\/\/mc-campfyn.dk\/?page_id=2301#breadcrumb\"},\"inLanguage\":\"da-DK\",\"potentialAction\":[{\"@type\":\"ReadAction\",\"target\":[\"https:\/\/mc-campfyn.dk\/?page_id=2301\"]}]},{\"@type\":\"BreadcrumbList\",\"@id\":\"https:\/\/mc-campfyn.dk\/?page_id=2301#breadcrumb\",\"itemListElement\":[{\"@type\":\"ListItem\",\"position\":1,\"name\":\"Hjem\",\"item\":\"https:\/\/mc-campfyn.dk\/\"},{\"@type\":\"ListItem\",\"position\":2,\"name\":\"Japan Klassik MC Tr\u00e6f\"}]},{\"@type\":\"WebSite\",\"@id\":\"https:\/\/mc-campfyn.dk\/#website\",\"url\":\"https:\/\/mc-campfyn.dk\/\",\"name\":\"mc-campfyn\",\"description\":\"\",\"publisher\":{\"@id\":\"https:\/\/mc-campfyn.dk\/#organization\"},\"potentialAction\":[{\"@type\":\"SearchAction\",\"target\":{\"@type\":\"EntryPoint\",\"urlTemplate\":\"https:\/\/mc-campfyn.dk\/?s={search_term_string}\"},\"query-input\":{\"@type\":\"PropertyValueSpecification\",\"valueRequired\":true,\"valueName\":\"search_term_string\"}}],\"inLanguage\":\"da-DK\"},{\"@type\":\"Organization\",\"@id\":\"https:\/\/mc-campfyn.dk\/#organization\",\"name\":\"mc-campfyn\",\"url\":\"https:\/\/mc-campfyn.dk\/\",\"logo\":{\"@type\":\"ImageObject\",\"inLanguage\":\"da-DK\",\"@id\":\"https:\/\/mc-campfyn.dk\/#\/schema\/logo\/image\/\",\"url\":\"https:\/\/mc-campfyn.dk\/wp-content\/uploads\/2019\/11\/logo-1.jpg\",\"contentUrl\":\"https:\/\/mc-campfyn.dk\/wp-content\/uploads\/2019\/11\/logo-1.jpg\",\"width\":380,\"height\":373,\"caption\":\"mc-campfyn\"},\"image\":{\"@id\":\"https:\/\/mc-campfyn.dk\/#\/schema\/logo\/image\/\"}}]}<\/script>\n<!-- \/ Yoast SEO plugin. -->","yoast_head_json":{"title":"Japan Klassik MC Tr\u00e6f -","robots":{"index":"index","follow":"follow","max-snippet":"max-snippet:-1","max-image-preview":"max-image-preview:large","max-video-preview":"max-video-preview:-1"},"canonical":"https:\/\/mc-campfyn.dk\/?page_id=2301","og_locale":"da_DK","og_type":"article","og_title":"Japan Klassik MC Tr\u00e6f -","og_description":"Japan Klassik MC Tr\u00e6f 2025 \ud83d\udcc5 L\u00f8rdag den 1 august 2026 \u23f0 Kl. 10:00 &#8211; 17:00 \ud83d\udccd MC-Campfyn I 2021 afholdt vi for f\u00f8rste gang Japan Klassik MC Tr\u00e6f, og det blev en stor succes. \u00c5ret efter gentog vi arrangementet med endnu flere deltagere. Nu er det blevet en tradition, og vi gl\u00e6der os til&hellip; L\u00e6s mere","og_url":"https:\/\/mc-campfyn.dk\/?page_id=2301","article_modified_time":"2026-03-03T14:01:46+00:00","twitter_card":"summary_large_image","twitter_misc":{"Estimeret l\u00e6setid":"2 minutter"},"schema":{"@context":"https:\/\/schema.org","@graph":[{"@type":"WebPage","@id":"https:\/\/mc-campfyn.dk\/?page_id=2301","url":"https:\/\/mc-campfyn.dk\/?page_id=2301","name":"Japan Klassik MC Tr\u00e6f -","isPartOf":{"@id":"https:\/\/mc-campfyn.dk\/#website"},"datePublished":"2021-06-24T20:08:13+00:00","dateModified":"2026-03-03T14:01:46+00:00","breadcrumb":{"@id":"https:\/\/mc-campfyn.dk\/?page_id=2301#breadcrumb"},"inLanguage":"da-DK","potentialAction":[{"@type":"ReadAction","target":["https:\/\/mc-campfyn.dk\/?page_id=2301"]}]},{"@type":"BreadcrumbList","@id":"https:\/\/mc-campfyn.dk\/?page_id=2301#breadcrumb","itemListElement":[{"@type":"ListItem","position":1,"name":"Hjem","item":"https:\/\/mc-campfyn.dk\/"},{"@type":"ListItem","position":2,"name":"Japan Klassik MC Tr\u00e6f"}]},{"@type":"WebSite","@id":"https:\/\/mc-campfyn.dk\/#website","url":"https:\/\/mc-campfyn.dk\/","name":"mc-campfyn","description":"","publisher":{"@id":"https:\/\/mc-campfyn.dk\/#organization"},"potentialAction":[{"@type":"SearchAction","target":{"@type":"EntryPoint","urlTemplate":"https:\/\/mc-campfyn.dk\/?s={search_term_string}"},"query-input":{"@type":"PropertyValueSpecification","valueRequired":true,"valueName":"search_term_string"}}],"inLanguage":"da-DK"},{"@type":"Organization","@id":"https:\/\/mc-campfyn.dk\/#organization","name":"mc-campfyn","url":"https:\/\/mc-campfyn.dk\/","logo":{"@type":"ImageObject","inLanguage":"da-DK","@id":"https:\/\/mc-campfyn.dk\/#\/schema\/logo\/image\/","url":"https:\/\/mc-campfyn.dk\/wp-content\/uploads\/2019\/11\/logo-1.jpg","contentUrl":"https:\/\/mc-campfyn.dk\/wp-content\/uploads\/2019\/11\/logo-1.jpg","width":380,"height":373,"caption":"mc-campfyn"},"image":{"@id":"https:\/\/mc-campfyn.dk\/#\/schema\/logo\/image\/"}}]}},"_links":{"self":[{"href":"https:\/\/mc-campfyn.dk\/index.php?rest_route=\/wp\/v2\/pages\/2301"}],"collection":[{"href":"https:\/\/mc-campfyn.dk\/index.php?rest_route=\/wp\/v2\/pages"}],"about":[{"href":"https:\/\/mc-campfyn.dk\/index.php?rest_route=\/wp\/v2\/types\/page"}],"author":[{"embeddable":true,"href":"https:\/\/mc-campfyn.dk\/index.php?rest_route=\/wp\/v2\/users\/1"}],"replies":[{"embeddable":true,"href":"https:\/\/mc-campfyn.dk\/index.php?rest_route=%2Fwp%2Fv2%2Fcomments&post=2301"}],"version-history":[{"count":19,"href":"https:\/\/mc-campfyn.dk\/index.php?rest_route=\/wp\/v2\/pages\/2301\/revisions"}],"predecessor-version":[{"id":2612,"href":"https:\/\/mc-campfyn.dk\/index.php?rest_route=\/wp\/v2\/pages\/2301\/revisions\/2612"}],"wp:attachment":[{"href":"https:\/\/mc-campfyn.dk\/index.php?rest_route=%2Fwp%2Fv2%2Fmedia&parent=2301"}],"curies":[{"name":"wp","href":"https:\/\/api.w.org\/{rel}","templated":true}]}}