{"id":2351,"date":"2022-01-11T18:06:25","date_gmt":"2022-01-11T17:06:25","guid":{"rendered":"http:\/\/mc-campfyn.dk\/?page_id=2351"},"modified":"2026-03-03T14:58:28","modified_gmt":"2026-03-03T13:58:28","slug":"aabningstider","status":"publish","type":"page","link":"https:\/\/mc-campfyn.dk\/?page_id=2351","title":{"rendered":"\u00c5bningstider"},"content":{"rendered":"<p data-start=\"73\" data-end=\"89\"><span style=\"color: #000000;\"><strong data-start=\"73\" data-end=\"89\">\u00c5bningstider<\/strong><\/span><\/p>\n<p data-start=\"91\" data-end=\"152\"><span style=\"color: #000000;\"><strong data-start=\"91\" data-end=\"108\">01\/01 \u2013 03\/06<\/strong><\/span><br data-start=\"108\" data-end=\"111\" \/><span style=\"color: #000000;\">Bes\u00f8g er muligt efter forudg\u00e5ende aftale.<\/span><\/p>\n<p data-start=\"154\" data-end=\"267\"><span style=\"color: #000000;\"><strong data-start=\"154\" data-end=\"171\">04\/06 \u2013 30\/09<\/strong><\/span><br data-start=\"171\" data-end=\"174\" \/><span style=\"color: #000000;\">Der er \u00e5bent alle dage. Vi s\u00e6tter dog pris p\u00e5, at I giver besked om jeres ankomst p\u00e5 forh\u00e5nd.<\/span><\/p>\n<p data-start=\"269\" data-end=\"330\"><span style=\"color: #000000;\"><strong data-start=\"269\" data-end=\"286\">01\/10 \u2013 31\/12<\/strong><\/span><br data-start=\"286\" data-end=\"289\" \/><span style=\"color: #000000;\">Bes\u00f8g er muligt efter forudg\u00e5ende aftale.<\/span><\/p>\n<p data-start=\"332\" data-end=\"413\"><span style=\"color: #000000;\">I er altid velkomne til at ringe til os p\u00e5 <strong data-start=\"375\" data-end=\"390\">25 12 02 28<\/strong> eller <strong data-start=\"397\" data-end=\"412\">25 53 67 83<\/strong>.<\/span><\/p>\n<p data-start=\"415\" data-end=\"618\"><span style=\"color: #000000;\">Som udgangspunkt foreg\u00e5r indskrivning efter kl. <strong data-start=\"463\" data-end=\"472\">16.00<\/strong>. Ankommer I f\u00f8r, og vi ikke er til stede, er I meget velkomne til at s\u00e6tte jeres telt op \u2013 de praktiske detaljer tager vi sammen efter kl. 16.00.<\/span><\/p>\n<p data-start=\"620\" data-end=\"759\"><span style=\"color: #000000;\">Vi holder middagslukket mellem kl. <strong data-start=\"655\" data-end=\"673\">12.00 og 14.00<\/strong>. Har I behov for adgang til v\u00e6relset tidligere, er dette muligt efter n\u00e6rmere aftale.<\/span><\/p>\n<p data-start=\"761\" data-end=\"800\" data-is-last-node=\"\" data-is-only-node=\"\"><span style=\"color: #000000;\">Vi gl\u00e6der os til at byde jer velkommen!<\/span><\/p>\n<p data-start=\"58\" data-end=\"75\"><span style=\"color: #000000;\"><strong data-start=\"58\" data-end=\"75\">Opening Hours<\/strong><\/span><\/p>\n<p data-start=\"77\" data-end=\"143\"><span style=\"color: #000000;\"><strong data-start=\"77\" data-end=\"94\">01\/01 \u2013 03\/06<\/strong><\/span><br data-start=\"94\" data-end=\"97\" \/><span style=\"color: #000000;\">Visits are possible by prior arrangement only.<\/span><\/p>\n<p data-start=\"145\" data-end=\"257\"><span style=\"color: #000000;\"><strong data-start=\"145\" data-end=\"162\">04\/06 \u2013 30\/09<\/strong><\/span><br data-start=\"162\" data-end=\"165\" \/><span style=\"color: #000000;\">We are open every day. However, we kindly ask that you notify us of your arrival in advance.<\/span><\/p>\n<p data-start=\"259\" data-end=\"325\"><span style=\"color: #000000;\"><strong data-start=\"259\" data-end=\"276\">01\/10 \u2013 31\/12<\/strong><\/span><br data-start=\"276\" data-end=\"279\" \/><span style=\"color: #000000;\">Visits are possible by prior arrangement only.<\/span><\/p>\n<p data-start=\"327\" data-end=\"419\"><span style=\"color: #000000;\">You are always welcome to contact us by phone at <strong data-start=\"376\" data-end=\"395\">+45 25 12 02 28<\/strong> or <strong data-start=\"399\" data-end=\"418\">+45 25 53 67 83<\/strong>.<\/span><\/p>\n<p data-start=\"421\" data-end=\"614\"><span style=\"color: #000000;\">Check-in is generally from <strong data-start=\"448\" data-end=\"459\">4:00 PM<\/strong>. If you arrive earlier and we are not present, you are welcome to set up your tent, and we will take care of the practical details together after 4:00 PM.<\/span><\/p>\n<p data-start=\"616\" data-end=\"774\"><span style=\"color: #000000;\">We are closed for lunch between <strong data-start=\"648\" data-end=\"672\">12:00 PM and 2:00 PM<\/strong>. If you need access to your room before this time, early check-in may be arranged by prior agreement.<\/span><\/p>\n<p data-start=\"776\" data-end=\"809\" data-is-last-node=\"\" data-is-only-node=\"\"><span style=\"color: #000000;\">We look forward to welcoming you!<\/span><\/p>\n<h3><\/h3>\n<p data-start=\"57\" data-end=\"75\"><span style=\"color: #000000;\"><strong data-start=\"57\" data-end=\"75\">\u00d6ffnungszeiten<\/strong><\/span><\/p>\n<p data-start=\"77\" data-end=\"148\"><span style=\"color: #000000;\"><strong data-start=\"77\" data-end=\"94\">01.01 \u2013 03.06<\/strong><\/span><br data-start=\"94\" data-end=\"97\" \/><span style=\"color: #000000;\">Besuche sind nur nach vorheriger Absprache m\u00f6glich.<\/span><\/p>\n<p data-start=\"150\" data-end=\"256\"><span style=\"color: #000000;\"><strong data-start=\"150\" data-end=\"167\">04.06 \u2013 30.09<\/strong><\/span><br data-start=\"167\" data-end=\"170\" \/><span style=\"color: #000000;\">Wir haben t\u00e4glich ge\u00f6ffnet. Wir bitten Sie jedoch, uns Ihre Ankunft vorab mitzuteilen.<\/span><\/p>\n<p data-start=\"258\" data-end=\"329\"><span style=\"color: #000000;\"><strong data-start=\"258\" data-end=\"275\">01.10 \u2013 31.12<\/strong><\/span><br data-start=\"275\" data-end=\"278\" \/><span style=\"color: #000000;\">Besuche sind nur nach vorheriger Absprache m\u00f6glich.<\/span><\/p>\n<p data-start=\"331\" data-end=\"430\"><span style=\"color: #000000;\">Sie k\u00f6nnen uns jederzeit gerne telefonisch unter <strong data-start=\"380\" data-end=\"395\">25 12 02 28<\/strong> oder <strong data-start=\"401\" data-end=\"416\">25 53 67 83<\/strong> kontaktieren.<\/span><\/p>\n<p data-start=\"432\" data-end=\"652\"><span style=\"color: #000000;\">Der Check-in erfolgt grunds\u00e4tzlich ab <strong data-start=\"470\" data-end=\"483\">16:00 Uhr<\/strong>. Sollten Sie fr\u00fcher anreisen und wir nicht vor Ort sein, k\u00f6nnen Sie gerne bereits Ihr Zelt aufstellen. Die praktischen Formalit\u00e4ten kl\u00e4ren wir gemeinsam nach 16:00 Uhr.<\/span><\/p>\n<p data-start=\"654\" data-end=\"810\"><span style=\"color: #000000;\">Zwischen <strong data-start=\"663\" data-end=\"686\">12:00 und 14:00 Uhr<\/strong> ist mittags geschlossen. Wenn Sie Ihr Zimmer fr\u00fcher ben\u00f6tigen, ist ein fr\u00fcherer Check-in nach vorheriger Absprache m\u00f6glich.<\/span><\/p>\n<p data-start=\"812\" data-end=\"866\" data-is-last-node=\"\" data-is-only-node=\"\"><span style=\"color: #000000;\">Wir freuen uns darauf, Sie bei uns begr\u00fc\u00dfen zu d\u00fcrfen!<\/span><\/p>\n","protected":false},"excerpt":{"rendered":"<p>\u00c5bningstider 01\/01 \u2013 03\/06Bes\u00f8g er muligt efter forudg\u00e5ende aftale. 04\/06 \u2013 30\/09Der er \u00e5bent alle dage. Vi s\u00e6tter dog pris p\u00e5, at I giver besked om jeres ankomst p\u00e5 forh\u00e5nd. 01\/10 \u2013 31\/12Bes\u00f8g er muligt efter forudg\u00e5ende aftale. I er altid velkomne til at ringe til os p\u00e5 25 12 02 28 eller 25 53&hellip; <br \/> <a class=\"read-more\" href=\"https:\/\/mc-campfyn.dk\/?page_id=2351\">L\u00e6s mere<\/a><\/p>\n","protected":false},"author":1,"featured_media":0,"parent":0,"menu_order":0,"comment_status":"closed","ping_status":"closed","template":"","meta":{"footnotes":""},"yoast_head":"<!-- This site is optimized with the Yoast SEO plugin v24.5 - https:\/\/yoast.com\/wordpress\/plugins\/seo\/ -->\n<title>\u00c5bningstider -<\/title>\n<meta name=\"robots\" content=\"index, follow, max-snippet:-1, max-image-preview:large, max-video-preview:-1\" \/>\n<link rel=\"canonical\" href=\"http:\/\/mc-campfyn.dk\/?page_id=2351\" \/>\n<meta property=\"og:locale\" content=\"da_DK\" \/>\n<meta property=\"og:type\" content=\"article\" \/>\n<meta property=\"og:title\" content=\"\u00c5bningstider -\" \/>\n<meta property=\"og:description\" content=\"\u00c5bningstider 01\/01 \u2013 03\/06Bes\u00f8g er muligt efter forudg\u00e5ende aftale. 04\/06 \u2013 30\/09Der er \u00e5bent alle dage. Vi s\u00e6tter dog pris p\u00e5, at I giver besked om jeres ankomst p\u00e5 forh\u00e5nd. 01\/10 \u2013 31\/12Bes\u00f8g er muligt efter forudg\u00e5ende aftale. I er altid velkomne til at ringe til os p\u00e5 25 12 02 28 eller 25 53&hellip; L\u00e6s mere\" \/>\n<meta property=\"og:url\" content=\"http:\/\/mc-campfyn.dk\/?page_id=2351\" \/>\n<meta property=\"article:modified_time\" content=\"2026-03-03T13:58:28+00:00\" \/>\n<meta name=\"twitter:card\" content=\"summary_large_image\" \/>\n<meta name=\"twitter:label1\" content=\"Estimeret l\u00e6setid\" \/>\n\t<meta name=\"twitter:data1\" content=\"3 minutter\" \/>\n<script type=\"application\/ld+json\" class=\"yoast-schema-graph\">{\"@context\":\"https:\/\/schema.org\",\"@graph\":[{\"@type\":\"WebPage\",\"@id\":\"http:\/\/mc-campfyn.dk\/?page_id=2351\",\"url\":\"http:\/\/mc-campfyn.dk\/?page_id=2351\",\"name\":\"\u00c5bningstider -\",\"isPartOf\":{\"@id\":\"https:\/\/mc-campfyn.dk\/#website\"},\"datePublished\":\"2022-01-11T17:06:25+00:00\",\"dateModified\":\"2026-03-03T13:58:28+00:00\",\"breadcrumb\":{\"@id\":\"http:\/\/mc-campfyn.dk\/?page_id=2351#breadcrumb\"},\"inLanguage\":\"da-DK\",\"potentialAction\":[{\"@type\":\"ReadAction\",\"target\":[\"http:\/\/mc-campfyn.dk\/?page_id=2351\"]}]},{\"@type\":\"BreadcrumbList\",\"@id\":\"http:\/\/mc-campfyn.dk\/?page_id=2351#breadcrumb\",\"itemListElement\":[{\"@type\":\"ListItem\",\"position\":1,\"name\":\"Hjem\",\"item\":\"https:\/\/mc-campfyn.dk\/\"},{\"@type\":\"ListItem\",\"position\":2,\"name\":\"\u00c5bningstider\"}]},{\"@type\":\"WebSite\",\"@id\":\"https:\/\/mc-campfyn.dk\/#website\",\"url\":\"https:\/\/mc-campfyn.dk\/\",\"name\":\"mc-campfyn\",\"description\":\"\",\"publisher\":{\"@id\":\"https:\/\/mc-campfyn.dk\/#organization\"},\"potentialAction\":[{\"@type\":\"SearchAction\",\"target\":{\"@type\":\"EntryPoint\",\"urlTemplate\":\"https:\/\/mc-campfyn.dk\/?s={search_term_string}\"},\"query-input\":{\"@type\":\"PropertyValueSpecification\",\"valueRequired\":true,\"valueName\":\"search_term_string\"}}],\"inLanguage\":\"da-DK\"},{\"@type\":\"Organization\",\"@id\":\"https:\/\/mc-campfyn.dk\/#organization\",\"name\":\"mc-campfyn\",\"url\":\"https:\/\/mc-campfyn.dk\/\",\"logo\":{\"@type\":\"ImageObject\",\"inLanguage\":\"da-DK\",\"@id\":\"https:\/\/mc-campfyn.dk\/#\/schema\/logo\/image\/\",\"url\":\"https:\/\/mc-campfyn.dk\/wp-content\/uploads\/2019\/11\/logo-1.jpg\",\"contentUrl\":\"https:\/\/mc-campfyn.dk\/wp-content\/uploads\/2019\/11\/logo-1.jpg\",\"width\":380,\"height\":373,\"caption\":\"mc-campfyn\"},\"image\":{\"@id\":\"https:\/\/mc-campfyn.dk\/#\/schema\/logo\/image\/\"}}]}<\/script>\n<!-- \/ Yoast SEO plugin. -->","yoast_head_json":{"title":"\u00c5bningstider -","robots":{"index":"index","follow":"follow","max-snippet":"max-snippet:-1","max-image-preview":"max-image-preview:large","max-video-preview":"max-video-preview:-1"},"canonical":"http:\/\/mc-campfyn.dk\/?page_id=2351","og_locale":"da_DK","og_type":"article","og_title":"\u00c5bningstider -","og_description":"\u00c5bningstider 01\/01 \u2013 03\/06Bes\u00f8g er muligt efter forudg\u00e5ende aftale. 04\/06 \u2013 30\/09Der er \u00e5bent alle dage. Vi s\u00e6tter dog pris p\u00e5, at I giver besked om jeres ankomst p\u00e5 forh\u00e5nd. 01\/10 \u2013 31\/12Bes\u00f8g er muligt efter forudg\u00e5ende aftale. I er altid velkomne til at ringe til os p\u00e5 25 12 02 28 eller 25 53&hellip; L\u00e6s mere","og_url":"http:\/\/mc-campfyn.dk\/?page_id=2351","article_modified_time":"2026-03-03T13:58:28+00:00","twitter_card":"summary_large_image","twitter_misc":{"Estimeret l\u00e6setid":"3 minutter"},"schema":{"@context":"https:\/\/schema.org","@graph":[{"@type":"WebPage","@id":"http:\/\/mc-campfyn.dk\/?page_id=2351","url":"http:\/\/mc-campfyn.dk\/?page_id=2351","name":"\u00c5bningstider -","isPartOf":{"@id":"https:\/\/mc-campfyn.dk\/#website"},"datePublished":"2022-01-11T17:06:25+00:00","dateModified":"2026-03-03T13:58:28+00:00","breadcrumb":{"@id":"http:\/\/mc-campfyn.dk\/?page_id=2351#breadcrumb"},"inLanguage":"da-DK","potentialAction":[{"@type":"ReadAction","target":["http:\/\/mc-campfyn.dk\/?page_id=2351"]}]},{"@type":"BreadcrumbList","@id":"http:\/\/mc-campfyn.dk\/?page_id=2351#breadcrumb","itemListElement":[{"@type":"ListItem","position":1,"name":"Hjem","item":"https:\/\/mc-campfyn.dk\/"},{"@type":"ListItem","position":2,"name":"\u00c5bningstider"}]},{"@type":"WebSite","@id":"https:\/\/mc-campfyn.dk\/#website","url":"https:\/\/mc-campfyn.dk\/","name":"mc-campfyn","description":"","publisher":{"@id":"https:\/\/mc-campfyn.dk\/#organization"},"potentialAction":[{"@type":"SearchAction","target":{"@type":"EntryPoint","urlTemplate":"https:\/\/mc-campfyn.dk\/?s={search_term_string}"},"query-input":{"@type":"PropertyValueSpecification","valueRequired":true,"valueName":"search_term_string"}}],"inLanguage":"da-DK"},{"@type":"Organization","@id":"https:\/\/mc-campfyn.dk\/#organization","name":"mc-campfyn","url":"https:\/\/mc-campfyn.dk\/","logo":{"@type":"ImageObject","inLanguage":"da-DK","@id":"https:\/\/mc-campfyn.dk\/#\/schema\/logo\/image\/","url":"https:\/\/mc-campfyn.dk\/wp-content\/uploads\/2019\/11\/logo-1.jpg","contentUrl":"https:\/\/mc-campfyn.dk\/wp-content\/uploads\/2019\/11\/logo-1.jpg","width":380,"height":373,"caption":"mc-campfyn"},"image":{"@id":"https:\/\/mc-campfyn.dk\/#\/schema\/logo\/image\/"}}]}},"_links":{"self":[{"href":"https:\/\/mc-campfyn.dk\/index.php?rest_route=\/wp\/v2\/pages\/2351"}],"collection":[{"href":"https:\/\/mc-campfyn.dk\/index.php?rest_route=\/wp\/v2\/pages"}],"about":[{"href":"https:\/\/mc-campfyn.dk\/index.php?rest_route=\/wp\/v2\/types\/page"}],"author":[{"embeddable":true,"href":"https:\/\/mc-campfyn.dk\/index.php?rest_route=\/wp\/v2\/users\/1"}],"replies":[{"embeddable":true,"href":"https:\/\/mc-campfyn.dk\/index.php?rest_route=%2Fwp%2Fv2%2Fcomments&post=2351"}],"version-history":[{"count":20,"href":"https:\/\/mc-campfyn.dk\/index.php?rest_route=\/wp\/v2\/pages\/2351\/revisions"}],"predecessor-version":[{"id":2618,"href":"https:\/\/mc-campfyn.dk\/index.php?rest_route=\/wp\/v2\/pages\/2351\/revisions\/2618"}],"wp:attachment":[{"href":"https:\/\/mc-campfyn.dk\/index.php?rest_route=%2Fwp%2Fv2%2Fmedia&parent=2351"}],"curies":[{"name":"wp","href":"https:\/\/api.w.org\/{rel}","templated":true}]}}