{"id":36,"date":"2019-07-02T22:05:00","date_gmt":"2019-07-02T20:05:00","guid":{"rendered":"http:\/\/mc-campfyn.dk\/?page_id=36"},"modified":"2026-03-03T10:46:58","modified_gmt":"2026-03-03T09:46:58","slug":"aarets-gang","status":"publish","type":"page","link":"https:\/\/mc-campfyn.dk\/?page_id=36","title":{"rendered":"\u00c5rets gang"},"content":{"rendered":"\r\n<p class=\"has-text-color has-very-dark-gray-color\" style=\"text-align: center;\"><span style=\"color: #000000; font-family: 'times new roman', times, serif; font-size: 14pt;\">\u00a0<\/span><\/p>\r\n<h3><span style=\"color: #000000;\"><strong>Arrangementer og aktiviteter<\/strong><\/span><\/h3>\r\n<p><span style=\"color: #000000;\">Vi afholder mange tr\u00e6f og familiesammenkomster i l\u00f8bet af \u00e5ret.<\/span><\/p>\r\n<p><span style=\"color: #000000;\">Uanset hvad der sker i weekenderne \u2013 om det er biltr\u00e6f, MC-tr\u00e6f, familiefester eller andet \u2013 er der altid plads til et par motorcyklister. <\/span><br \/><span style=\"color: #000000;\">Der kan dog v\u00e6re en fest, som kr\u00e6ver lidt hensyn.<\/span><br \/><span style=\"color: #000000;\"><strong><br \/><span style=\"font-size: 14pt;\">Vigtig information<\/span><\/strong><\/span><\/p>\r\n<p><span style=\"color: #000000;\">De fleste af vores arrangementer er gentagelser fra tidligere \u00e5r, s\u00e5 vi har allerede et godt overblik over \u00e5rets program.<\/span><br \/><span style=\"color: #000000;\">Hvis I planl\u00e6gger at komme som en gruppe, er det n\u00f8dvendigt at kontakte os p\u00e5 forh\u00e5nd, da vi har begr\u00e6nsninger i vores lokaler.<\/span><\/p>\r\n<p><span style=\"color: #000000;\"><strong>Pladsreservation<\/strong><\/span><br \/><span style=\"color: #000000;\">Vi er meget taknemmelige for de mange glade MC-folk, der bes\u00f8ger os hvert \u00e5r. <\/span><br \/><span style=\"color: #000000;\">Men for at undg\u00e5 overbel\u00e6gning beder vi jer kontakte os og reservere plads \u2013 uanset om det g\u00e6lder telt, hytte eller v\u00e6relser.<\/span><\/p>\r\n<p><span style=\"color: #000000;\">Vi gl\u00e6der os til at byde jer velkommen til en s\u00e6son fyldt med gode oplevelser og hyggelige stunder!<\/span><\/p>\r\n<h3><span style=\"color: #000000;\"><strong>Kommende arrangementer<\/strong><\/span><\/h3>\r\n<p><span style=\"color: #000000;\"><strong>F\u00e6llesk\u00f8rsel til \u00e5bning af Egeskov Slot<\/strong><\/span><br \/><span style=\"color: #000000;\">En fast tradition i april, hvor vi samles og k\u00f8rer i flok fra pladsen til Egeskov Slot. <\/span><br \/><span style=\"color: #000000;\">Det vil i \u00e5r v\u00e6re d. 25\/4 2026<\/span><br \/><span style=\"color: #000000;\">Alle er velkomne \u2013 uanset om man bor her eller blot \u00f8nsker at deltage i f\u00e6llesk\u00f8rslen.<\/span><\/p>\r\n<p><span style=\"color: #000000;\"><strong>Klubbenes Dag P\u00e5 MC-Campfyn<\/strong><\/span><\/p>\r\n<p><span style=\"color: #000000;\">L\u00f8rdag d. 9\/5 2026<\/span><\/p>\r\n<p><span style=\"color: #000000;\"><span style=\"font-size: 12pt;\">Det er et en`dags arrangement som er \u00e5bent for alle.<br \/>Vi har v\u00e6ret i dialog med flere klubber og har invitere nogle, til at komme og pr\u00e6sentere hvad de som klub kan tilbyde.<br \/><\/span><span style=\"font-size: 12pt;\">Vores h\u00e5b er at samle s\u00e5 mange som muligt, som hver is\u00e6r vil v\u00e6re til stede i l\u00f8bet af dagen, og vi har, indtil nu allerede f\u00e5et tilsagn fra 10-15 klubber.<br \/>Der vil komme noget mere info om hvilke klubber det bliver, n\u00e5r vi kommer t\u00e6ttere p\u00e5. B\u00e5de her p\u00e5 siden og p\u00e5 vores Facebook profil.<br \/><\/span><span style=\"font-size: 12pt;\">\u00a0<br \/>Vi inviterer jer, som har lyst, til en hyggelig og afslappet dag p\u00e5 MC-Campfyn, til at komme og se om der er nogle klubber der kunne v\u00e6re interessant at snakke med.\u00a0<br \/><\/span><span style=\"font-size: 12pt;\">Ide\u00e8n er, at g\u00e6sterne og nye MC- folk kan g\u00e5 rundt, tage en snak og m\u00e5ske finde en klub, som passer til dem.<br \/><\/span><span style=\"font-size: 12pt;\">M\u00e5let er at skabe opm\u00e6rksomhed omkring MC klubber for nye medlemmer, samt at m\u00f8des, snakke<br \/><\/span><span style=\"font-size: 12pt;\">og dele r\u00f8verhistorier, klubberne imellem, med mulighed for at l\u00e6re hinanden bedre at kende.<br \/>Vi h\u00e5ber p\u00e5 at g\u00f8re \u201dklubbernes dag\u201d til en tradition, hvor vi hj\u00e6lper hinanden med at holde gang i det danske MC-f\u00e6llesskab.<\/span><\/span><\/p>\r\n<p><span style=\"color: #000000;\"><span style=\"font-size: 12pt;\">Vi slutter dagen af med f\u00e6llesspisning, hvor klubberne samtidig har god tid til at sludre og dele ideen og m\u00e5ske sammenarbejde.<br \/><\/span><span style=\"font-size: 12pt;\">Hvis i har lyst, er der mulighed for at overnatte allerede fra fredag aften.<\/span><\/span><\/p>\r\n<p><span style=\"font-size: 12pt; color: #000000;\">Mad og overnatning bestilles i forvejen hos MC Campfyn.<\/span><\/p>\r\n<p><span style=\"font-size: 12pt; color: #000000;\">Kort om arrangementet :<\/span><\/p>\r\n<p><span style=\"font-size: 12pt; color: #000000;\">Tid : L\u00f8rdag d. 9 Maj 2026 10-16<\/span><\/p>\r\n<p><span style=\"color: #000000;\"><span style=\"font-size: 12pt;\">Sted : MC-Campfyn, Rudmevej 3a 5750 Ring<br \/><\/span><span style=\"font-size: 12pt;\">For hvem : MC- m\u00e6rkeklubber fra hele landet.<br \/><\/span><span style=\"font-size: 12pt;\">Alle MC- interesserede er velkommen til at kigge forbi, tage en snak og f\u00e5 inspiration.<br \/><\/span><span style=\"font-size: 12pt;\">Kom alene eller tag en god ven med, m\u00f8d andre, og v\u00e6r med til at vise, at MC- livet stadig handler om sammenhold, hygge og gode oplevelser- p\u00e5 tv\u00e6rs af klubber og generationer.<\/span><\/span><\/p>\r\n<p><span style=\"color: #000000;\"><span style=\"font-size: 12pt;\">For tilmelding og sp\u00f8rgsm\u00e5l, kontakt Kasper Baumann p\u00e5 : <a style=\"color: #000000;\" href=\"mailto:kasperbaumann@gmail.com\">kasperbaumann@gmail.com<\/a> \u00a0<\/span><span style=\"font-size: 12pt;\">eller p\u00e5 : 20908899<\/span><\/span><\/p>\r\n<p><span style=\"color: #000000;\"><span style=\"font-size: 12pt;\">MC- Hilsner<br \/><\/span><span style=\"font-size: 12pt;\">Kasper og Kim Baumann<br \/><\/span><span style=\"font-size: 12pt; background-color: transparent;\">MC-Campfyn<\/span><\/span><\/p>\r\n<p><span style=\"color: #000000;\"><strong>Japansk Klassisk MC Tr\u00e6f<\/strong><\/span><br \/><span style=\"color: #000000;\">De sidste to \u00e5r har vi arrangeret dette tr\u00e6f med stor succes.<\/span><\/p>\r\n<p><span style=\"color: #000000;\">Det vil i \u00e5r v\u00e6re d. 1\/8 2026<\/span><br \/><span style=\"color: #000000;\">Tilmelding er allerede \u00e5ben, s\u00e5 du kan sikre din plads og registrere din motorcykel her:<\/span><br \/><span style=\"color: #000000;\">Det foreg\u00e5r ved at sende en mail eller ringe til 25120228 eller 25536783\u00a0<\/span><\/p>\r\n<p><span style=\"color: #000000;\"><strong>Oktoberfest<\/strong><\/span><br \/><span style=\"color: #000000;\">Oktoberfesten er en fast afslutning p\u00e5 s\u00e6sonen og altid en fantastisk fest! <\/span><br \/><span style=\"color: #000000;\">Der er plads til 40 personer, og det er f\u00f8rst-til-m\u00f8lle-princippet, der g\u00e6lder. <\/span><br \/><span style=\"color: #000000;\">Du kan booke v\u00e6relse og tilmelde dig hele \u00e5ret, men v\u00e6r hurtig \u2013 pladserne ryger hurtigt.<\/span><\/p>\r\n<p><br \/><span style=\"color: #000000; font-family: 'times new roman', times, serif; font-size: 14pt;\"><a style=\"font-size: 14pt; background-color: transparent;\" href=\"http:\/\/mc-campfyn.dk\/?page_id=416\" target=\"_blank\" rel=\"noopener noreferrer\">Se flere stemningsbilleder<\/a><span style=\"font-size: 14pt; background-color: transparent; color: #333333;\">\u00a0<\/span><\/span><\/p>\r\n<p class=\"has-text-color has-very-dark-gray-color\" style=\"text-align: left;\"><span style=\"font-size: 14pt;\"><span style=\"font-family: 'times new roman', times, serif;\"><a href=\"http:\/\/mc-campfyn.dk\/?page_id=2351\">\u00c5bningstider<\/a><\/span><\/span><span style=\"color: #000000; font-family: 'times new roman', times, serif; font-size: 14pt;\"><br \/>\u00a0<a href=\"http:\/\/mc-campfyn.dk\/?page_id=2301\">tilmelding til Japan klassik mc tr\u00e6f<\/a><\/span><\/p>\r\n<p style=\"text-align: left;\"><span style=\"font-family: 'times new roman', times, serif; font-size: 14pt;\">\r\n\r\n<\/span><\/p>\r\n<p style=\"text-align: left;\"><span style=\"font-family: 'times new roman', times, serif; font-size: 14pt;\">\r\n\r\n\r\n\r\n<\/span><\/p>\r\n<p class=\"has-text-color has-very-dark-gray-color\" style=\"text-align: left;\"><span style=\"color: #000000; font-family: 'times new roman', times, serif; font-size: 14pt;\"><a href=\"http:\/\/mc-campfyn.dk\/?page_id=53\" target=\"_blank\" rel=\"noopener noreferrer\">Se mere om sv\u00e6rdigheder p\u00e5 fyn.<\/a><\/span><\/p>\r\n<p style=\"text-align: left;\"><span style=\"font-size: 14pt;\">\r\n\r\n\r\n\r\n\r\n\r\n\r\n\r\n\r\n\r\n<\/span><\/p>\r\n<p class=\"has-text-color has-very-dark-gray-color\" style=\"text-align: left;\"><span style=\"color: #000000; font-size: 14pt;\"><a href=\"http:\/\/mc-campfyn.dk\/?page_id=19\"><span style=\"font-family: 'times new roman', times, serif;\">Se mere om overnatnings muligheder\u00a0<\/span><\/a><br \/><\/span><\/p>\r\n<p class=\"has-text-color has-very-dark-gray-color\" style=\"text-align: left;\"><span style=\"color: #000000; font-family: 'times new roman', times, serif; font-size: 14pt;\">\u00a0<\/span><\/p>\r\n<p style=\"text-align: left;\">\u00a0<\/p>\r\n<h3>\u00a0<\/h3>\r\n<p class=\"has-text-color has-very-dark-gray-color\" style=\"text-align: center;\"><br \/><br \/><\/p>\r\n<p><span style=\"font-family: 'times new roman', times, serif;\">\r\n\r\n<\/span><\/p>\r\n<div class=\"wp-block-image\">\r\n<figure class=\"aligncenter is-resized\"><span style=\"font-family: 'times new roman', times, serif;\"><a href=\"http:\/\/mc-campfyn.dk\/?attachment_id=1313\"><img decoding=\"async\" class=\"wp-image-1313 aligncenter\" src=\"http:\/\/mc-campfyn.dk\/wp-content\/uploads\/2019\/10\/oktoberfest-1-300x201.jpg\" alt=\"\" width=\"500\" srcset=\"https:\/\/mc-campfyn.dk\/wp-content\/uploads\/2019\/10\/oktoberfest-1-300x201.jpg 300w, https:\/\/mc-campfyn.dk\/wp-content\/uploads\/2019\/10\/oktoberfest-1-768x514.jpg 768w, https:\/\/mc-campfyn.dk\/wp-content\/uploads\/2019\/10\/oktoberfest-1-1024x685.jpg 1024w, https:\/\/mc-campfyn.dk\/wp-content\/uploads\/2019\/10\/oktoberfest-1-1613x1080.jpg 1613w\" sizes=\"(max-width: 300px) 100vw, 300px\" \/><\/a><\/span><\/figure>\r\n<\/div>\r\n<p style=\"text-align: center;\"><a href=\"http:\/\/mc-campfyn.dk\/?page_id=2028\" target=\"_blank\" rel=\"noopener noreferrer\">kommende arrangementer<\/a><\/p>\r\n<p>&nbsp;<\/p>\r\n\r\n\r\n","protected":false},"excerpt":{"rendered":"<p>\u00a0 Arrangementer og aktiviteter Vi afholder mange tr\u00e6f og familiesammenkomster i l\u00f8bet af \u00e5ret. Uanset hvad der sker i weekenderne \u2013 om det er biltr\u00e6f, MC-tr\u00e6f, familiefester eller andet \u2013 er der altid plads til et par motorcyklister. Der kan dog v\u00e6re en fest, som kr\u00e6ver lidt hensyn.Vigtig information De fleste af vores arrangementer er&hellip; <br \/> <a class=\"read-more\" href=\"https:\/\/mc-campfyn.dk\/?page_id=36\">L\u00e6s mere<\/a><\/p>\n","protected":false},"author":1,"featured_media":1891,"parent":0,"menu_order":0,"comment_status":"closed","ping_status":"closed","template":"","meta":{"footnotes":""},"yoast_head":"<!-- This site is optimized with the Yoast SEO plugin v24.5 - https:\/\/yoast.com\/wordpress\/plugins\/seo\/ -->\n<title>\u00c5rets gang -<\/title>\n<meta name=\"robots\" content=\"index, follow, max-snippet:-1, max-image-preview:large, max-video-preview:-1\" \/>\n<link rel=\"canonical\" href=\"https:\/\/mc-campfyn.dk\/?page_id=36\" \/>\n<meta property=\"og:locale\" content=\"da_DK\" \/>\n<meta property=\"og:type\" content=\"article\" \/>\n<meta property=\"og:title\" content=\"\u00c5rets gang -\" \/>\n<meta property=\"og:description\" content=\"\u00a0 Arrangementer og aktiviteter Vi afholder mange tr\u00e6f og familiesammenkomster i l\u00f8bet af \u00e5ret. Uanset hvad der sker i weekenderne \u2013 om det er biltr\u00e6f, MC-tr\u00e6f, familiefester eller andet \u2013 er der altid plads til et par motorcyklister. Der kan dog v\u00e6re en fest, som kr\u00e6ver lidt hensyn.Vigtig information De fleste af vores arrangementer er&hellip; L\u00e6s mere\" \/>\n<meta property=\"og:url\" content=\"https:\/\/mc-campfyn.dk\/?page_id=36\" \/>\n<meta property=\"article:modified_time\" content=\"2026-03-03T09:46:58+00:00\" \/>\n<meta property=\"og:image\" content=\"https:\/\/mc-campfyn.dk\/wp-content\/uploads\/2019\/11\/DSC00525-2-scaled.jpg\" \/>\n\t<meta property=\"og:image:width\" content=\"2560\" \/>\n\t<meta property=\"og:image:height\" content=\"530\" \/>\n\t<meta property=\"og:image:type\" content=\"image\/jpeg\" \/>\n<meta name=\"twitter:card\" content=\"summary_large_image\" \/>\n<meta name=\"twitter:label1\" content=\"Estimeret l\u00e6setid\" \/>\n\t<meta name=\"twitter:data1\" content=\"4 minutter\" \/>\n<script type=\"application\/ld+json\" class=\"yoast-schema-graph\">{\"@context\":\"https:\/\/schema.org\",\"@graph\":[{\"@type\":\"WebPage\",\"@id\":\"https:\/\/mc-campfyn.dk\/?page_id=36\",\"url\":\"https:\/\/mc-campfyn.dk\/?page_id=36\",\"name\":\"\u00c5rets gang -\",\"isPartOf\":{\"@id\":\"http:\/\/mc-campfyn.dk\/#website\"},\"primaryImageOfPage\":{\"@id\":\"https:\/\/mc-campfyn.dk\/?page_id=36#primaryimage\"},\"image\":{\"@id\":\"https:\/\/mc-campfyn.dk\/?page_id=36#primaryimage\"},\"thumbnailUrl\":\"https:\/\/mc-campfyn.dk\/wp-content\/uploads\/2019\/11\/DSC00525-2-scaled.jpg\",\"datePublished\":\"2019-07-02T20:05:00+00:00\",\"dateModified\":\"2026-03-03T09:46:58+00:00\",\"breadcrumb\":{\"@id\":\"https:\/\/mc-campfyn.dk\/?page_id=36#breadcrumb\"},\"inLanguage\":\"da-DK\",\"potentialAction\":[{\"@type\":\"ReadAction\",\"target\":[\"https:\/\/mc-campfyn.dk\/?page_id=36\"]}]},{\"@type\":\"ImageObject\",\"inLanguage\":\"da-DK\",\"@id\":\"https:\/\/mc-campfyn.dk\/?page_id=36#primaryimage\",\"url\":\"https:\/\/mc-campfyn.dk\/wp-content\/uploads\/2019\/11\/DSC00525-2-scaled.jpg\",\"contentUrl\":\"https:\/\/mc-campfyn.dk\/wp-content\/uploads\/2019\/11\/DSC00525-2-scaled.jpg\",\"width\":2560,\"height\":530},{\"@type\":\"BreadcrumbList\",\"@id\":\"https:\/\/mc-campfyn.dk\/?page_id=36#breadcrumb\",\"itemListElement\":[{\"@type\":\"ListItem\",\"position\":1,\"name\":\"Hjem\",\"item\":\"http:\/\/mc-campfyn.dk\/\"},{\"@type\":\"ListItem\",\"position\":2,\"name\":\"\u00c5rets gang\"}]},{\"@type\":\"WebSite\",\"@id\":\"http:\/\/mc-campfyn.dk\/#website\",\"url\":\"http:\/\/mc-campfyn.dk\/\",\"name\":\"mc-campfyn\",\"description\":\"\",\"publisher\":{\"@id\":\"http:\/\/mc-campfyn.dk\/#organization\"},\"potentialAction\":[{\"@type\":\"SearchAction\",\"target\":{\"@type\":\"EntryPoint\",\"urlTemplate\":\"http:\/\/mc-campfyn.dk\/?s={search_term_string}\"},\"query-input\":{\"@type\":\"PropertyValueSpecification\",\"valueRequired\":true,\"valueName\":\"search_term_string\"}}],\"inLanguage\":\"da-DK\"},{\"@type\":\"Organization\",\"@id\":\"http:\/\/mc-campfyn.dk\/#organization\",\"name\":\"mc-campfyn\",\"url\":\"http:\/\/mc-campfyn.dk\/\",\"logo\":{\"@type\":\"ImageObject\",\"inLanguage\":\"da-DK\",\"@id\":\"http:\/\/mc-campfyn.dk\/#\/schema\/logo\/image\/\",\"url\":\"https:\/\/mc-campfyn.dk\/wp-content\/uploads\/2019\/11\/logo-1.jpg\",\"contentUrl\":\"https:\/\/mc-campfyn.dk\/wp-content\/uploads\/2019\/11\/logo-1.jpg\",\"width\":380,\"height\":373,\"caption\":\"mc-campfyn\"},\"image\":{\"@id\":\"http:\/\/mc-campfyn.dk\/#\/schema\/logo\/image\/\"}}]}<\/script>\n<!-- \/ Yoast SEO plugin. -->","yoast_head_json":{"title":"\u00c5rets gang -","robots":{"index":"index","follow":"follow","max-snippet":"max-snippet:-1","max-image-preview":"max-image-preview:large","max-video-preview":"max-video-preview:-1"},"canonical":"https:\/\/mc-campfyn.dk\/?page_id=36","og_locale":"da_DK","og_type":"article","og_title":"\u00c5rets gang -","og_description":"\u00a0 Arrangementer og aktiviteter Vi afholder mange tr\u00e6f og familiesammenkomster i l\u00f8bet af \u00e5ret. Uanset hvad der sker i weekenderne \u2013 om det er biltr\u00e6f, MC-tr\u00e6f, familiefester eller andet \u2013 er der altid plads til et par motorcyklister. Der kan dog v\u00e6re en fest, som kr\u00e6ver lidt hensyn.Vigtig information De fleste af vores arrangementer er&hellip; L\u00e6s mere","og_url":"https:\/\/mc-campfyn.dk\/?page_id=36","article_modified_time":"2026-03-03T09:46:58+00:00","og_image":[{"width":2560,"height":530,"url":"https:\/\/mc-campfyn.dk\/wp-content\/uploads\/2019\/11\/DSC00525-2-scaled.jpg","type":"image\/jpeg"}],"twitter_card":"summary_large_image","twitter_misc":{"Estimeret l\u00e6setid":"4 minutter"},"schema":{"@context":"https:\/\/schema.org","@graph":[{"@type":"WebPage","@id":"https:\/\/mc-campfyn.dk\/?page_id=36","url":"https:\/\/mc-campfyn.dk\/?page_id=36","name":"\u00c5rets gang -","isPartOf":{"@id":"http:\/\/mc-campfyn.dk\/#website"},"primaryImageOfPage":{"@id":"https:\/\/mc-campfyn.dk\/?page_id=36#primaryimage"},"image":{"@id":"https:\/\/mc-campfyn.dk\/?page_id=36#primaryimage"},"thumbnailUrl":"https:\/\/mc-campfyn.dk\/wp-content\/uploads\/2019\/11\/DSC00525-2-scaled.jpg","datePublished":"2019-07-02T20:05:00+00:00","dateModified":"2026-03-03T09:46:58+00:00","breadcrumb":{"@id":"https:\/\/mc-campfyn.dk\/?page_id=36#breadcrumb"},"inLanguage":"da-DK","potentialAction":[{"@type":"ReadAction","target":["https:\/\/mc-campfyn.dk\/?page_id=36"]}]},{"@type":"ImageObject","inLanguage":"da-DK","@id":"https:\/\/mc-campfyn.dk\/?page_id=36#primaryimage","url":"https:\/\/mc-campfyn.dk\/wp-content\/uploads\/2019\/11\/DSC00525-2-scaled.jpg","contentUrl":"https:\/\/mc-campfyn.dk\/wp-content\/uploads\/2019\/11\/DSC00525-2-scaled.jpg","width":2560,"height":530},{"@type":"BreadcrumbList","@id":"https:\/\/mc-campfyn.dk\/?page_id=36#breadcrumb","itemListElement":[{"@type":"ListItem","position":1,"name":"Hjem","item":"http:\/\/mc-campfyn.dk\/"},{"@type":"ListItem","position":2,"name":"\u00c5rets gang"}]},{"@type":"WebSite","@id":"http:\/\/mc-campfyn.dk\/#website","url":"http:\/\/mc-campfyn.dk\/","name":"mc-campfyn","description":"","publisher":{"@id":"http:\/\/mc-campfyn.dk\/#organization"},"potentialAction":[{"@type":"SearchAction","target":{"@type":"EntryPoint","urlTemplate":"http:\/\/mc-campfyn.dk\/?s={search_term_string}"},"query-input":{"@type":"PropertyValueSpecification","valueRequired":true,"valueName":"search_term_string"}}],"inLanguage":"da-DK"},{"@type":"Organization","@id":"http:\/\/mc-campfyn.dk\/#organization","name":"mc-campfyn","url":"http:\/\/mc-campfyn.dk\/","logo":{"@type":"ImageObject","inLanguage":"da-DK","@id":"http:\/\/mc-campfyn.dk\/#\/schema\/logo\/image\/","url":"https:\/\/mc-campfyn.dk\/wp-content\/uploads\/2019\/11\/logo-1.jpg","contentUrl":"https:\/\/mc-campfyn.dk\/wp-content\/uploads\/2019\/11\/logo-1.jpg","width":380,"height":373,"caption":"mc-campfyn"},"image":{"@id":"http:\/\/mc-campfyn.dk\/#\/schema\/logo\/image\/"}}]}},"_links":{"self":[{"href":"https:\/\/mc-campfyn.dk\/index.php?rest_route=\/wp\/v2\/pages\/36"}],"collection":[{"href":"https:\/\/mc-campfyn.dk\/index.php?rest_route=\/wp\/v2\/pages"}],"about":[{"href":"https:\/\/mc-campfyn.dk\/index.php?rest_route=\/wp\/v2\/types\/page"}],"author":[{"embeddable":true,"href":"https:\/\/mc-campfyn.dk\/index.php?rest_route=\/wp\/v2\/users\/1"}],"replies":[{"embeddable":true,"href":"https:\/\/mc-campfyn.dk\/index.php?rest_route=%2Fwp%2Fv2%2Fcomments&post=36"}],"version-history":[{"count":111,"href":"https:\/\/mc-campfyn.dk\/index.php?rest_route=\/wp\/v2\/pages\/36\/revisions"}],"predecessor-version":[{"id":2616,"href":"https:\/\/mc-campfyn.dk\/index.php?rest_route=\/wp\/v2\/pages\/36\/revisions\/2616"}],"wp:featuredmedia":[{"embeddable":true,"href":"https:\/\/mc-campfyn.dk\/index.php?rest_route=\/wp\/v2\/media\/1891"}],"wp:attachment":[{"href":"https:\/\/mc-campfyn.dk\/index.php?rest_route=%2Fwp%2Fv2%2Fmedia&parent=36"}],"curies":[{"name":"wp","href":"https:\/\/api.w.org\/{rel}","templated":true}]}}