{"id":635,"date":"2019-08-04T13:25:32","date_gmt":"2019-08-04T11:25:32","guid":{"rendered":"http:\/\/mc-campfyn.dk\/?page_id=635"},"modified":"2026-04-16T09:30:08","modified_gmt":"2026-04-16T07:30:08","slug":"faciliteter-2","status":"publish","type":"page","link":"https:\/\/mc-campfyn.dk\/?page_id=635","title":{"rendered":"Faciliteter"},"content":{"rendered":"<blockquote><\/blockquote>\r\n<p class=\"has-text-color has-very-dark-gray-color\" style=\"text-align: center;\">\r\n\r\n<\/p>\r\n<h3>\u00a0<\/h3>\r\n<p class=\"has-text-color has-very-dark-gray-color\" style=\"text-align: center;\"><span style=\"color: #000000; font-family: 'times new roman', times, serif; font-size: 14pt;\">\r\n\r\n<\/span><\/p>\r\n<p class=\"has-text-color has-very-dark-gray-color\" style=\"text-align: center;\"><span style=\"color: #000000; font-family: 'times new roman', times, serif; font-size: 14pt;\">\r\n\r\n<\/span><\/p>\r\n<div class=\"flex flex-col text-sm pb-25\">\r\n<article class=\"text-token-text-primary w-full focus:outline-none [--shadow-height:45px] has-data-writing-block:pointer-events-none has-data-writing-block:-mt-(--shadow-height) has-data-writing-block:pt-(--shadow-height) [&amp;:has([data-writing-block])&gt;*]:pointer-events-auto scroll-mt-[calc(var(--header-height)+min(200px,max(70px,20svh)))]\" dir=\"auto\" tabindex=\"-1\" data-turn-id=\"request-WEB:c8f77edf-72ed-4a2a-974d-e65d87651cda-3\" data-testid=\"conversation-turn-8\" data-scroll-anchor=\"true\" data-turn=\"assistant\">\r\n<div class=\"text-base my-auto mx-auto pb-10 [--thread-content-margin:--spacing(4)] @w-sm\/main:[--thread-content-margin:--spacing(6)] @w-lg\/main:[--thread-content-margin:--spacing(16)] px-(--thread-content-margin)\">\r\n<div class=\"[--thread-content-max-width:40rem] @w-lg\/main:[--thread-content-max-width:48rem] mx-auto max-w-(--thread-content-max-width) flex-1 group\/turn-messages focus-visible:outline-hidden relative flex w-full min-w-0 flex-col agent-turn\" tabindex=\"-1\">\r\n<div class=\"flex max-w-full flex-col grow\">\r\n<div class=\"min-h-8 text-message relative flex w-full flex-col items-end gap-2 text-start break-words whitespace-normal [.text-message+&amp;]:mt-1\" dir=\"auto\" data-message-author-role=\"assistant\" data-message-id=\"97d0d52a-21fc-4cc5-82e2-2a2b2d5f99f1\" data-message-model-slug=\"gpt-5-2\">\r\n<div class=\"flex w-full flex-col gap-1 empty:hidden first:pt-[1px]\">\r\n<div class=\"markdown prose dark:prose-invert w-full break-words light markdown-new-styling\">\r\n<h3 data-start=\"72\" data-end=\"98\"><span style=\"color: #000000;\">Faciliteter p\u00e5 pladsen<\/span><\/h3>\r\n<p data-start=\"100\" data-end=\"231\"><span style=\"color: #000000;\">Vi tilbyder en hyggelig, lukket g\u00e5rdhave med glasoverd\u00e6kning samt en stor terrasse med adgang til grill. Grillkul kan k\u00f8bes hos os.<\/span><\/p>\r\n<p data-start=\"233\" data-end=\"276\"><span style=\"color: #000000;\">Derudover har pladsen f\u00f8lgende faciliteter:<\/span><\/p>\r\n<ul data-start=\"278\" data-end=\"482\">\r\n<li data-start=\"278\" data-end=\"309\">\r\n<p data-start=\"280\" data-end=\"309\"><span style=\"color: #000000;\">Adgang til bad og toiletter<\/span><\/p>\r\n<\/li>\r\n<li data-start=\"310\" data-end=\"343\">\r\n<p data-start=\"312\" data-end=\"343\"><span style=\"color: #000000;\">Tek\u00f8kken til fri afbenyttelse<\/span><\/p>\r\n<\/li>\r\n<li data-start=\"344\" data-end=\"419\">\r\n<p data-start=\"346\" data-end=\"419\"><span style=\"color: #000000;\">Mulighed for at l\u00e5ne vaskemaskine samt benytte t\u00f8rreplads under halvtag<\/span><\/p>\r\n<\/li>\r\n<li data-start=\"420\" data-end=\"482\">\r\n<p data-start=\"422\" data-end=\"482\"><span style=\"color: #000000;\">Mulighed for nedfrysning af k\u00f8leelementer for vores g\u00e6ster<\/span><\/p>\r\n<\/li>\r\n<\/ul>\r\n<p data-start=\"484\" data-end=\"611\"><span style=\"color: #000000;\">Vi g\u00f8r os umage for at sikre, at I har adgang til alle n\u00f8dvendige faciliteter, s\u00e5 jeres ophold bliver s\u00e5 behageligt som muligt.<\/span><\/p>\r\n<p data-start=\"613\" data-end=\"646\"><span style=\"color: #000000;\"><strong data-start=\"613\" data-end=\"646\">Se billeder fra vores lokaler\u00a0 \u00a0 \u00a0 \u00a0<a href=\"https:\/\/mc-campfyn.dk\/?page_id=19\">Mere info om overnatning<\/a>\u00a0 \u00a0 \u00a0 <a href=\"https:\/\/mc-campfyn.dk\/?page_id=416\">Stemningsbilleder\u00a0\u00a0\u00a0\u00a0<\/a><\/strong><\/span><\/p>\r\n<hr data-start=\"648\" data-end=\"651\" \/>\r\n<h3 data-start=\"653\" data-end=\"688\"><span style=\"color: #000000;\">Parkering og \u00f8vrige faciliteter<\/span><\/h3>\r\n<p data-start=\"690\" data-end=\"794\"><span style=\"color: #000000;\">Der er parkeringsmuligheder for biler omkring huset, og motorcykler er meget velkomne p\u00e5 campingomr\u00e5det.<\/span><\/p>\r\n<p data-start=\"796\" data-end=\"995\"><span style=\"color: #000000;\">Det er desuden muligt at booke vores lokale til foredrag, m\u00f8der eller andre arrangementer. Lokalet er udstyret med b\u00e5de projektor og lydanl\u00e6g, s\u00e5 der er gode rammer for professionelle pr\u00e6sentationer.<\/span><\/p>\r\n<p data-start=\"997\" data-end=\"1072\"><span style=\"color: #000000;\">Vi tilbyder gratis internet i og omkring huset, s\u00e5 I altid kan v\u00e6re online.<\/span><\/p>\r\n<p data-start=\"1074\" data-end=\"1102\"><span style=\"color: #000000;\">L\u00e6s mere p\u00e5 siden <em data-start=\"1092\" data-end=\"1101\">Pladsen<\/em>.<\/span><\/p>\r\n<hr data-start=\"1104\" data-end=\"1107\" \/>\r\n<h3 data-start=\"1109\" data-end=\"1131\"><span style=\"color: #000000;\">Str\u00f8m og opladning<\/span><\/h3>\r\n<p data-start=\"1133\" data-end=\"1259\"><span style=\"color: #000000;\">Der er mulighed for opladning af udstyr i stuehuset. Bem\u00e6rk venligst, at der ikke er str\u00f8mtilslutning p\u00e5 selve campingomr\u00e5det.<\/span><\/p>\r\n<p data-start=\"1261\" data-end=\"1280\" data-is-last-node=\"\" data-is-only-node=\"\"><span style=\"color: #000000;\"><strong data-start=\"1261\" data-end=\"1280\" data-is-last-node=\"\">Se vores priser<\/strong><\/span><\/p>\r\n<\/div>\r\n<\/div>\r\n<\/div>\r\n<\/div>\r\n<div class=\"z-0 flex min-h-[46px] justify-start\">\u00a0<\/div>\r\n<div class=\"mt-3 w-full empty:hidden\">\r\n<div class=\"text-center\">\r\n<h3 style=\"text-align: left;\" data-start=\"55\" data-end=\"81\"><span style=\"color: #000000;\">Facilities on the Site<\/span><\/h3>\r\n<p style=\"text-align: left;\" data-start=\"83\" data-end=\"226\"><span style=\"color: #000000;\">We offer a cosy, enclosed courtyard with a glass roof, as well as a large terrace with access to a barbecue. Charcoal can be purchased from us.<\/span><\/p>\r\n<p style=\"text-align: left;\" data-start=\"228\" data-end=\"282\"><span style=\"color: #000000;\">In addition, the site offers the following facilities:<\/span><\/p>\r\n<ul style=\"text-align: left;\" data-start=\"284\" data-end=\"461\">\r\n<li data-start=\"284\" data-end=\"317\">\r\n<p data-start=\"286\" data-end=\"317\"><span style=\"color: #000000;\">Access to showers and toilets<\/span><\/p>\r\n<\/li>\r\n<li data-start=\"318\" data-end=\"358\">\r\n<p data-start=\"320\" data-end=\"358\"><span style=\"color: #000000;\">A kitchenette available for free use<\/span><\/p>\r\n<\/li>\r\n<li data-start=\"359\" data-end=\"413\">\r\n<p data-start=\"361\" data-end=\"413\"><span style=\"color: #000000;\">Use of a washing machine and a covered drying area<\/span><\/p>\r\n<\/li>\r\n<li data-start=\"414\" data-end=\"461\">\r\n<p data-start=\"416\" data-end=\"461\"><span style=\"color: #000000;\">Freezing of cooling elements for our guests<\/span><\/p>\r\n<\/li>\r\n<\/ul>\r\n<p style=\"text-align: left;\" data-start=\"463\" data-end=\"570\"><span style=\"color: #000000;\">We make every effort to ensure that you have access to all the necessary facilities for a comfortable stay.<\/span><\/p>\r\n<p style=\"text-align: left;\" data-start=\"572\" data-end=\"605\"><span style=\"color: #000000;\"><strong data-start=\"572\" data-end=\"605\">View photos of our facilities<\/strong><\/span><\/p>\r\n<hr data-start=\"607\" data-end=\"610\" \/>\r\n<h3 style=\"text-align: left;\" data-start=\"612\" data-end=\"649\"><span style=\"color: #000000;\">Parking and Additional Facilities<\/span><\/h3>\r\n<p style=\"text-align: left;\" data-start=\"651\" data-end=\"752\"><span style=\"color: #000000;\">Parking for cars is available around the house, and motorcycles are very welcome on the camping area.<\/span><\/p>\r\n<p style=\"text-align: left;\" data-start=\"754\" data-end=\"961\"><span style=\"color: #000000;\">It is also possible to book our premises for lectures, meetings, or other events. The room is equipped with both a projector and a sound system, providing excellent conditions for professional presentations.<\/span><\/p>\r\n<p style=\"text-align: left;\" data-start=\"963\" data-end=\"1051\"><span style=\"color: #000000;\">We offer free internet access in and around the house, so you can always stay connected.<\/span><\/p>\r\n<p style=\"text-align: left;\" data-start=\"1053\" data-end=\"1082\"><span style=\"color: #000000;\">Read more on the <em data-start=\"1070\" data-end=\"1076\">Site<\/em> page.<\/span><\/p>\r\n<h3 style=\"text-align: left;\" data-start=\"1089\" data-end=\"1117\"><span style=\"color: #000000;\">Electricity and Charging<\/span><\/h3>\r\n<p style=\"text-align: left;\" data-start=\"1119\" data-end=\"1248\"><span style=\"color: #000000;\">Charging of equipment is available in the main house. Please note that there is no electricity supply on the camping area itself.<\/span><\/p>\r\n<\/div>\r\n<\/div>\r\n<\/div>\r\n<\/div>\r\n<\/article>\r\n<\/div>\r\n<div class=\"pointer-events-none h-px w-px absolute bottom-0\" style=\"text-align: left;\" aria-hidden=\"true\" data-edge=\"true\">\u00a0<\/div>\r\n<p style=\"text-align: left;\"><span style=\"font-family: 'times new roman', times, serif; font-size: 14pt;\"><br \/><br \/><\/span>\u00a0<\/p>\r\n<p class=\"has-text-color has-very-dark-gray-color\" style=\"text-align: left;\">\r\n\r\n<\/p>\r\n<p class=\"has-text-color has-very-dark-gray-color\" style=\"text-align: left;\">\u00a0<\/p>\r\n<p class=\"has-text-color has-very-dark-gray-color\" style=\"text-align: center;\"><\/p>","protected":false},"excerpt":{"rendered":"<p>\u00a0 Faciliteter p\u00e5 pladsen Vi tilbyder en hyggelig, lukket g\u00e5rdhave med glasoverd\u00e6kning samt en stor terrasse med adgang til grill. Grillkul kan k\u00f8bes hos os. Derudover har pladsen f\u00f8lgende faciliteter: Adgang til bad og toiletter Tek\u00f8kken til fri afbenyttelse Mulighed for at l\u00e5ne vaskemaskine samt benytte t\u00f8rreplads under halvtag Mulighed for nedfrysning af k\u00f8leelementer for&hellip; <br \/> <a class=\"read-more\" href=\"https:\/\/mc-campfyn.dk\/?page_id=635\">L\u00e6s mere<\/a><\/p>\n","protected":false},"author":1,"featured_media":1895,"parent":0,"menu_order":0,"comment_status":"closed","ping_status":"closed","template":"","meta":{"footnotes":""},"yoast_head":"<!-- This site is optimized with the Yoast SEO plugin v24.5 - https:\/\/yoast.com\/wordpress\/plugins\/seo\/ -->\n<title>Faciliteter -<\/title>\n<meta name=\"robots\" content=\"index, follow, max-snippet:-1, max-image-preview:large, max-video-preview:-1\" \/>\n<link rel=\"canonical\" href=\"https:\/\/mc-campfyn.dk\/?page_id=635\" \/>\n<meta property=\"og:locale\" content=\"da_DK\" \/>\n<meta property=\"og:type\" content=\"article\" \/>\n<meta property=\"og:title\" content=\"Faciliteter -\" \/>\n<meta property=\"og:description\" content=\"\u00a0 Faciliteter p\u00e5 pladsen Vi tilbyder en hyggelig, lukket g\u00e5rdhave med glasoverd\u00e6kning samt en stor terrasse med adgang til grill. Grillkul kan k\u00f8bes hos os. Derudover har pladsen f\u00f8lgende faciliteter: Adgang til bad og toiletter Tek\u00f8kken til fri afbenyttelse Mulighed for at l\u00e5ne vaskemaskine samt benytte t\u00f8rreplads under halvtag Mulighed for nedfrysning af k\u00f8leelementer for&hellip; L\u00e6s mere\" \/>\n<meta property=\"og:url\" content=\"https:\/\/mc-campfyn.dk\/?page_id=635\" \/>\n<meta property=\"article:modified_time\" content=\"2026-04-16T07:30:08+00:00\" \/>\n<meta property=\"og:image\" content=\"http:\/\/mc-campfyn.dk\/wp-content\/uploads\/2019\/11\/EMLR2764-2.jpg\" \/>\n\t<meta property=\"og:image:width\" content=\"2256\" \/>\n\t<meta property=\"og:image:height\" content=\"526\" \/>\n\t<meta property=\"og:image:type\" content=\"image\/jpeg\" \/>\n<meta name=\"twitter:card\" content=\"summary_large_image\" \/>\n<meta name=\"twitter:label1\" content=\"Estimeret l\u00e6setid\" \/>\n\t<meta name=\"twitter:data1\" content=\"3 minutter\" \/>\n<script type=\"application\/ld+json\" class=\"yoast-schema-graph\">{\"@context\":\"https:\/\/schema.org\",\"@graph\":[{\"@type\":\"WebPage\",\"@id\":\"https:\/\/mc-campfyn.dk\/?page_id=635\",\"url\":\"https:\/\/mc-campfyn.dk\/?page_id=635\",\"name\":\"Faciliteter -\",\"isPartOf\":{\"@id\":\"http:\/\/mc-campfyn.dk\/#website\"},\"primaryImageOfPage\":{\"@id\":\"https:\/\/mc-campfyn.dk\/?page_id=635#primaryimage\"},\"image\":{\"@id\":\"https:\/\/mc-campfyn.dk\/?page_id=635#primaryimage\"},\"thumbnailUrl\":\"https:\/\/mc-campfyn.dk\/wp-content\/uploads\/2019\/11\/EMLR2764-2.jpg\",\"datePublished\":\"2019-08-04T11:25:32+00:00\",\"dateModified\":\"2026-04-16T07:30:08+00:00\",\"breadcrumb\":{\"@id\":\"https:\/\/mc-campfyn.dk\/?page_id=635#breadcrumb\"},\"inLanguage\":\"da-DK\",\"potentialAction\":[{\"@type\":\"ReadAction\",\"target\":[\"https:\/\/mc-campfyn.dk\/?page_id=635\"]}]},{\"@type\":\"ImageObject\",\"inLanguage\":\"da-DK\",\"@id\":\"https:\/\/mc-campfyn.dk\/?page_id=635#primaryimage\",\"url\":\"https:\/\/mc-campfyn.dk\/wp-content\/uploads\/2019\/11\/EMLR2764-2.jpg\",\"contentUrl\":\"https:\/\/mc-campfyn.dk\/wp-content\/uploads\/2019\/11\/EMLR2764-2.jpg\",\"width\":2256,\"height\":526,\"caption\":\"DCIM100MEDIADJI_0156.JPG\"},{\"@type\":\"BreadcrumbList\",\"@id\":\"https:\/\/mc-campfyn.dk\/?page_id=635#breadcrumb\",\"itemListElement\":[{\"@type\":\"ListItem\",\"position\":1,\"name\":\"Hjem\",\"item\":\"https:\/\/mc-campfyn.dk\/\"},{\"@type\":\"ListItem\",\"position\":2,\"name\":\"Faciliteter\"}]},{\"@type\":\"WebSite\",\"@id\":\"http:\/\/mc-campfyn.dk\/#website\",\"url\":\"http:\/\/mc-campfyn.dk\/\",\"name\":\"mc-campfyn\",\"description\":\"\",\"publisher\":{\"@id\":\"http:\/\/mc-campfyn.dk\/#organization\"},\"potentialAction\":[{\"@type\":\"SearchAction\",\"target\":{\"@type\":\"EntryPoint\",\"urlTemplate\":\"http:\/\/mc-campfyn.dk\/?s={search_term_string}\"},\"query-input\":{\"@type\":\"PropertyValueSpecification\",\"valueRequired\":true,\"valueName\":\"search_term_string\"}}],\"inLanguage\":\"da-DK\"},{\"@type\":\"Organization\",\"@id\":\"http:\/\/mc-campfyn.dk\/#organization\",\"name\":\"mc-campfyn\",\"url\":\"http:\/\/mc-campfyn.dk\/\",\"logo\":{\"@type\":\"ImageObject\",\"inLanguage\":\"da-DK\",\"@id\":\"http:\/\/mc-campfyn.dk\/#\/schema\/logo\/image\/\",\"url\":\"https:\/\/mc-campfyn.dk\/wp-content\/uploads\/2019\/11\/logo-1.jpg\",\"contentUrl\":\"https:\/\/mc-campfyn.dk\/wp-content\/uploads\/2019\/11\/logo-1.jpg\",\"width\":380,\"height\":373,\"caption\":\"mc-campfyn\"},\"image\":{\"@id\":\"http:\/\/mc-campfyn.dk\/#\/schema\/logo\/image\/\"}}]}<\/script>\n<!-- \/ Yoast SEO plugin. -->","yoast_head_json":{"title":"Faciliteter -","robots":{"index":"index","follow":"follow","max-snippet":"max-snippet:-1","max-image-preview":"max-image-preview:large","max-video-preview":"max-video-preview:-1"},"canonical":"https:\/\/mc-campfyn.dk\/?page_id=635","og_locale":"da_DK","og_type":"article","og_title":"Faciliteter -","og_description":"\u00a0 Faciliteter p\u00e5 pladsen Vi tilbyder en hyggelig, lukket g\u00e5rdhave med glasoverd\u00e6kning samt en stor terrasse med adgang til grill. Grillkul kan k\u00f8bes hos os. Derudover har pladsen f\u00f8lgende faciliteter: Adgang til bad og toiletter Tek\u00f8kken til fri afbenyttelse Mulighed for at l\u00e5ne vaskemaskine samt benytte t\u00f8rreplads under halvtag Mulighed for nedfrysning af k\u00f8leelementer for&hellip; L\u00e6s mere","og_url":"https:\/\/mc-campfyn.dk\/?page_id=635","article_modified_time":"2026-04-16T07:30:08+00:00","og_image":[{"width":2256,"height":526,"url":"http:\/\/mc-campfyn.dk\/wp-content\/uploads\/2019\/11\/EMLR2764-2.jpg","type":"image\/jpeg"}],"twitter_card":"summary_large_image","twitter_misc":{"Estimeret l\u00e6setid":"3 minutter"},"schema":{"@context":"https:\/\/schema.org","@graph":[{"@type":"WebPage","@id":"https:\/\/mc-campfyn.dk\/?page_id=635","url":"https:\/\/mc-campfyn.dk\/?page_id=635","name":"Faciliteter -","isPartOf":{"@id":"http:\/\/mc-campfyn.dk\/#website"},"primaryImageOfPage":{"@id":"https:\/\/mc-campfyn.dk\/?page_id=635#primaryimage"},"image":{"@id":"https:\/\/mc-campfyn.dk\/?page_id=635#primaryimage"},"thumbnailUrl":"https:\/\/mc-campfyn.dk\/wp-content\/uploads\/2019\/11\/EMLR2764-2.jpg","datePublished":"2019-08-04T11:25:32+00:00","dateModified":"2026-04-16T07:30:08+00:00","breadcrumb":{"@id":"https:\/\/mc-campfyn.dk\/?page_id=635#breadcrumb"},"inLanguage":"da-DK","potentialAction":[{"@type":"ReadAction","target":["https:\/\/mc-campfyn.dk\/?page_id=635"]}]},{"@type":"ImageObject","inLanguage":"da-DK","@id":"https:\/\/mc-campfyn.dk\/?page_id=635#primaryimage","url":"https:\/\/mc-campfyn.dk\/wp-content\/uploads\/2019\/11\/EMLR2764-2.jpg","contentUrl":"https:\/\/mc-campfyn.dk\/wp-content\/uploads\/2019\/11\/EMLR2764-2.jpg","width":2256,"height":526,"caption":"DCIM100MEDIADJI_0156.JPG"},{"@type":"BreadcrumbList","@id":"https:\/\/mc-campfyn.dk\/?page_id=635#breadcrumb","itemListElement":[{"@type":"ListItem","position":1,"name":"Hjem","item":"https:\/\/mc-campfyn.dk\/"},{"@type":"ListItem","position":2,"name":"Faciliteter"}]},{"@type":"WebSite","@id":"http:\/\/mc-campfyn.dk\/#website","url":"http:\/\/mc-campfyn.dk\/","name":"mc-campfyn","description":"","publisher":{"@id":"http:\/\/mc-campfyn.dk\/#organization"},"potentialAction":[{"@type":"SearchAction","target":{"@type":"EntryPoint","urlTemplate":"http:\/\/mc-campfyn.dk\/?s={search_term_string}"},"query-input":{"@type":"PropertyValueSpecification","valueRequired":true,"valueName":"search_term_string"}}],"inLanguage":"da-DK"},{"@type":"Organization","@id":"http:\/\/mc-campfyn.dk\/#organization","name":"mc-campfyn","url":"http:\/\/mc-campfyn.dk\/","logo":{"@type":"ImageObject","inLanguage":"da-DK","@id":"http:\/\/mc-campfyn.dk\/#\/schema\/logo\/image\/","url":"https:\/\/mc-campfyn.dk\/wp-content\/uploads\/2019\/11\/logo-1.jpg","contentUrl":"https:\/\/mc-campfyn.dk\/wp-content\/uploads\/2019\/11\/logo-1.jpg","width":380,"height":373,"caption":"mc-campfyn"},"image":{"@id":"http:\/\/mc-campfyn.dk\/#\/schema\/logo\/image\/"}}]}},"_links":{"self":[{"href":"https:\/\/mc-campfyn.dk\/index.php?rest_route=\/wp\/v2\/pages\/635"}],"collection":[{"href":"https:\/\/mc-campfyn.dk\/index.php?rest_route=\/wp\/v2\/pages"}],"about":[{"href":"https:\/\/mc-campfyn.dk\/index.php?rest_route=\/wp\/v2\/types\/page"}],"author":[{"embeddable":true,"href":"https:\/\/mc-campfyn.dk\/index.php?rest_route=\/wp\/v2\/users\/1"}],"replies":[{"embeddable":true,"href":"https:\/\/mc-campfyn.dk\/index.php?rest_route=%2Fwp%2Fv2%2Fcomments&post=635"}],"version-history":[{"count":44,"href":"https:\/\/mc-campfyn.dk\/index.php?rest_route=\/wp\/v2\/pages\/635\/revisions"}],"predecessor-version":[{"id":2632,"href":"https:\/\/mc-campfyn.dk\/index.php?rest_route=\/wp\/v2\/pages\/635\/revisions\/2632"}],"wp:featuredmedia":[{"embeddable":true,"href":"https:\/\/mc-campfyn.dk\/index.php?rest_route=\/wp\/v2\/media\/1895"}],"wp:attachment":[{"href":"https:\/\/mc-campfyn.dk\/index.php?rest_route=%2Fwp%2Fv2%2Fmedia&parent=635"}],"curies":[{"name":"wp","href":"https:\/\/api.w.org\/{rel}","templated":true}]}}